{"id":428,"date":"2018-11-24T10:13:25","date_gmt":"2018-11-24T10:13:25","guid":{"rendered":"https:\/\/demo.gloriathemes.com\/eventchamp\/demo\/?page_id=428"},"modified":"2024-03-02T14:23:37","modified_gmt":"2024-03-02T14:23:37","slug":"tilfoejevent","status":"publish","type":"page","link":"https:\/\/voresevent.dk\/index.php\/tilfoejevent\/","title":{"rendered":"Tilf\u00f8j event"},"content":{"rendered":"<div class='fluentform ff-default fluentform_wrapper_4 ffs_default_wrap'><form data-form_id=\"4\" id=\"fluentform_4\" class=\"frm-fluent-form fluent_form_4 ff-el-form-top ff_form_instance_4_1 ff-form-loading ffs_default\" data-form_instance=\"ff_form_instance_4_1\" method=\"POST\" ><fieldset  style=\"border: none!important;margin: 0!important;padding: 0!important;background-color: transparent!important;box-shadow: none!important;outline: none!important; min-inline-size: 100%;\">\n                    <legend class=\"ff_screen_reader_title\" style=\"display: block; margin: 0!important;padding: 0!important;height: 0!important;text-indent: -999999px;width: 0!important;overflow:hidden;\">Opret event<\/legend><input type='hidden' name='__fluent_form_embded_post_id' value='428' \/><input type=\"hidden\" id=\"_fluentform_4_fluentformnonce\" name=\"_fluentform_4_fluentformnonce\" value=\"7b30688c29\" \/><input type=\"hidden\" name=\"_wp_http_referer\" value=\"\/index.php\/wp-json\/wp\/v2\/pages\/428\" \/><div class='ff-el-group'><div class=\"ff-el-input--label ff-el-is-required asterisk-right\"><label for='ff_4_input_text_2' id='label_ff_4_input_text_2' aria-label=\"Navn\">Navn<\/label><\/div><div class='ff-el-input--content'><input type=\"text\" name=\"input_text_2\" class=\"ff-el-form-control\" placeholder=\"Navn\" data-name=\"input_text_2\" id=\"ff_4_input_text_2\"  aria-invalid=\"false\" aria-required=true><\/div><\/div><div class='ff-el-group'><div class=\"ff-el-input--label ff-el-is-required asterisk-right\"><label for='ff_4_email' id='label_ff_4_email' aria-label=\"Email\">Email<\/label><\/div><div class='ff-el-input--content'><input type=\"email\" name=\"email\" id=\"ff_4_email\" class=\"ff-el-form-control\" placeholder=\"Email Address\" data-name=\"email\"  aria-invalid=\"false\" aria-required=true><\/div><\/div><div class='ff-el-group'><div class=\"ff-el-input--label ff-el-is-required asterisk-right\"><label for='ff_4_input_text' id='label_ff_4_input_text' aria-label=\"Overskrift\">Overskrift<\/label><\/div><div class='ff-el-input--content'><input type=\"text\" name=\"input_text\" class=\"ff-el-form-control\" placeholder=\"Giv dit event en overskrift\" data-name=\"input_text\" id=\"ff_4_input_text\"  aria-invalid=\"false\" aria-required=true><\/div><\/div><div class='ff-el-group'><div class=\"ff-el-input--label ff-el-is-required asterisk-right\"><label for='ff_4_input_text_1' id='label_ff_4_input_text_1' aria-label=\"Beskrivele af event\">Beskrivele af event<\/label><\/div><div class='ff-el-input--content'><input type=\"text\" name=\"input_text_1\" class=\"ff-el-form-control\" placeholder=\"Giv en beskrivelse af dit event. Maks 260 tegn.\" data-name=\"input_text_1\" id=\"ff_4_input_text_1\"  aria-invalid=\"false\" aria-required=true><\/div><\/div><div class='ff-el-group'><div class=\"ff-el-input--label ff-el-is-required asterisk-right\"><label for='ff_4_dropdown' id='label_ff_4_dropdown' aria-label=\"Lokation\">Lokation<\/label><\/div><div class='ff-el-input--content'><select name=\"dropdown\" id=\"ff_4_dropdown\" class=\"ff-el-form-control\" data-name=\"dropdown\" data-calc_value=\"0\"  aria-invalid=\"false\" aria-required=\"true\" aria-labelledby=\"label_ff_4_dropdown\"><option value=\"\">- V\u00e6lg -<\/option><option value=\"Aabenraa\"  >Aabenraa<\/option><option value=\"Billund\"  >Billund<\/option><option value=\"Esbjerg\"  >Esbjerg<\/option><option value=\"Haderslev\"  >Haderslev<\/option><option value=\"Kolding\"  >Kolding<\/option><option value=\"S\u00f8nderborg\"  >S\u00f8nderborg<\/option><option value=\"T\u00f8nder\"  >T\u00f8nder<\/option><option value=\"Varde\"  >Varde<\/option><option value=\"Vejen\"  >Vejen<\/option><\/select><\/div><\/div><div class='ff-el-group'><div class=\"ff-el-input--label ff-el-is-required asterisk-right\"><label for='ff_4_datetime' id='label_ff_4_datetime' aria-label=\"Start - Dato\/ Tidspunkt\">Start - Dato\/ Tidspunkt<\/label><\/div><div class='ff-el-input--content'><input  aria-label='Start - Dato\/ Tidspunkt Use arrow keys to navigate dates. Press enter to select a date.'  aria-haspopup='dialog' data-type-datepicker data-format='d\/m\/Y H:i' type=\"text\" name=\"datetime\" id=\"ff_4_datetime\" class=\"ff-el-form-control ff-el-datepicker\" data-name=\"datetime\"  aria-invalid='false' aria-required=true><\/div><\/div><div class='ff-el-group'><div class=\"ff-el-input--label ff-el-is-required asterisk-right\"><label for='ff_4_datetime_1' id='label_ff_4_datetime_1' aria-label=\"Slut - Dato\/ Tidspunkt\">Slut - Dato\/ Tidspunkt<\/label><\/div><div class='ff-el-input--content'><input  aria-label='Slut - Dato\/ Tidspunkt Use arrow keys to navigate dates. Press enter to select a date.'  aria-haspopup='dialog' data-type-datepicker data-format='d\/m\/Y H:i' type=\"text\" name=\"datetime_1\" id=\"ff_4_datetime_1\" class=\"ff-el-form-control ff-el-datepicker\" data-name=\"datetime_1\"  aria-invalid='false' aria-required=true><\/div><\/div><div class='ff-el-group    ff-el-input--content'><div class='ff-el-form-check ff-el-tc'><label aria-label='Terms and Conditions: I have read and agree to the Terms and Conditions and Privacy Policy Contains 2 links. Use tab navigation to review.' class='ff-el-form-check-label ff_tc_label' for=terms-n-condition_b34136bfea19ce84f31e25d918b7a286><span class='ff_tc_checkbox'><input type=\"checkbox\" name=\"terms-n-condition\" class=\"ff-el-form-check-input\" data-name=\"terms-n-condition\" id=\"terms-n-condition_b34136bfea19ce84f31e25d918b7a286\"  value='on' aria-invalid='false' aria-required=false><\/span> <div class='ff_t_c'>I have read and agree to the <a target=\"_blank\" rel=\"noopener\" href=\"#\">Terms and Conditions<\/a> and <a target=\"_blank\" rel=\"noopener\" href=\"#\">Privacy Policy<\/a><\/div><\/label><\/div><\/div><div class='ff-el-group ff-text-left ff_submit_btn_wrapper'><button type=\"submit\" class=\"ff-btn ff-btn-submit ff-btn-md ff_btn_style\"  aria-label=\"Tilf\u00f8j event\">Tilf\u00f8j event<\/button><\/div><\/fieldset><\/form><div id='fluentform_4_errors' class='ff-errors-in-stack ff_form_instance_4_1 ff-form-loading_errors ff_form_instance_4_1_errors'><\/div><\/div>            <script type=\"text\/javascript\">\n                window.fluent_form_ff_form_instance_4_1 = {\"id\":\"4\",\"settings\":{\"layout\":{\"labelPlacement\":\"top\",\"helpMessagePlacement\":\"with_label\",\"errorMessagePlacement\":\"inline\",\"cssClassName\":\"\",\"asteriskPlacement\":\"asterisk-right\"},\"restrictions\":{\"denyEmptySubmission\":{\"enabled\":false}}},\"form_instance\":\"ff_form_instance_4_1\",\"form_id_selector\":\"fluentform_4\",\"rules\":{\"input_text_2\":{\"required\":{\"value\":true,\"message\":\"Dette felt er p\\u00e5kr\\u00e6vet\",\"global_message\":\"This field is required\",\"global\":false}},\"email\":{\"required\":{\"value\":true,\"message\":\"Dette felt er p\\u00e5kr\\u00e6vet\",\"global_message\":\"This field is required\",\"global\":false},\"email\":{\"value\":true,\"message\":\"Dette felt kr\\u00e6ver en valid email\",\"global_message\":\"This field must contain a valid email\",\"global\":false}},\"input_text\":{\"required\":{\"value\":true,\"message\":\"Dette felt er p\\u00e5kr\\u00e6vet\",\"global_message\":\"This field is required\",\"global\":false}},\"input_text_1\":{\"required\":{\"value\":true,\"message\":\"Dette felt er p\\u00e5kr\\u00e6vet\",\"global_message\":\"This field is required\",\"global\":false}},\"dropdown\":{\"required\":{\"value\":true,\"message\":\"Dette felt er p\\u00e5kr\\u00e6vet\",\"global_message\":\"This field is required\",\"global\":false}},\"datetime\":{\"required\":{\"value\":true,\"message\":\"Dette felt er p\\u00e5kr\\u00e6vet\",\"global_message\":\"This field is required\",\"global\":false}},\"datetime_1\":{\"required\":{\"value\":true,\"message\":\"Dette felt er p\\u00e5kr\\u00e6vet\",\"global_message\":\"This field is required\",\"global\":false}},\"terms-n-condition\":{\"required\":{\"value\":false,\"message\":\"This field is required\",\"global_message\":\"This field is required\",\"global\":true}}},\"debounce_time\":300};\n                            <\/script>\n            \n","protected":false},"excerpt":{"rendered":"Opret eventNavnEmailOverskriftBeskrivele af eventLokation- V\u00e6lg -AabenraaBillundEsbjergHaderslevKoldingS\u00f8nderborgT\u00f8nderVardeVejenStart - Dato\/ TidspunktSlut - Dato\/ Tidspunkt I have read and agree to the Terms and Conditions and Privacy PolicyTilf\u00f8j event","protected":false},"author":1,"featured_media":0,"parent":0,"menu_order":0,"comment_status":"closed","ping_status":"closed","template":"","meta":{"footnotes":""},"class_list":["post-428","page","type-page","status-publish","hentry"],"_links":{"self":[{"href":"https:\/\/voresevent.dk\/index.php\/wp-json\/wp\/v2\/pages\/428","targetHints":{"allow":["GET"]}}],"collection":[{"href":"https:\/\/voresevent.dk\/index.php\/wp-json\/wp\/v2\/pages"}],"about":[{"href":"https:\/\/voresevent.dk\/index.php\/wp-json\/wp\/v2\/types\/page"}],"author":[{"embeddable":true,"href":"https:\/\/voresevent.dk\/index.php\/wp-json\/wp\/v2\/users\/1"}],"replies":[{"embeddable":true,"href":"https:\/\/voresevent.dk\/index.php\/wp-json\/wp\/v2\/comments?post=428"}],"version-history":[{"count":3,"href":"https:\/\/voresevent.dk\/index.php\/wp-json\/wp\/v2\/pages\/428\/revisions"}],"predecessor-version":[{"id":3827,"href":"https:\/\/voresevent.dk\/index.php\/wp-json\/wp\/v2\/pages\/428\/revisions\/3827"}],"wp:attachment":[{"href":"https:\/\/voresevent.dk\/index.php\/wp-json\/wp\/v2\/media?parent=428"}],"curies":[{"name":"wp","href":"https:\/\/api.w.org\/{rel}","templated":true}]}}