{"id":3838,"date":"2024-03-04T17:37:12","date_gmt":"2024-03-04T17:37:12","guid":{"rendered":"https:\/\/voresevent.dk\/?page_id=3838"},"modified":"2024-03-04T17:37:12","modified_gmt":"2024-03-04T17:37:12","slug":"kommende","status":"publish","type":"page","link":"https:\/\/voresevent.dk\/index.php\/kommende\/","title":{"rendered":"Kommende events"},"content":{"rendered":"<div class=\"wpb-content-wrapper\"><div data-vc-full-width=\"true\" data-vc-full-width-init=\"false\" data-vc-stretch-content=\"true\" class=\"vc_row wpb_row vc_row-fluid gt-background-position-initial gt-background-attachment-initial gt-overflow-visible gt-text-default vc_row-no-padding\"><div class=\"wpb_column vc_column_container vc_col-sm-12\"><div class=\"vc_column-inner\"><div class=\"wpb_wrapper\"><div class=\"gt-event-search-tool gt-dark gt-style-2\" style=\"background-image:url(https:\/\/voresevent.dk\/wp-content\/uploads\/2022\/01\/titlebar-bg.jpg);\"><div class=\"gt-form container\"><form method=\"get\" action=\"https:\/\/voresevent.dk\/index.php\/search-results\/\"><div class=\"search-content\"><div class=\"gt-columns gt-column-7 gt-columns-center gt-column-space-15\"><div class=\"gt-col\"><div class=\"gt-inner\"><input name=\"keyword\" type=\"text\" placeholder=\"e.g. event, meetup\" value=\"\"><\/div><\/div><div class=\"gt-col\"><div class=\"gt-inner\"><select name=\"category\" class=\"gt-select\" data-live-search=\"false\"><option value=\"\">Category<\/option><option value=\"44\">Koncert<\/option><option value=\"67\">Mad<\/option><\/select><\/div><\/div><div class=\"gt-col\"><div class=\"gt-inner\"><select name=\"location\" class=\"gt-select\" data-live-search=\"false\"><option value=\"\">Location<\/option><option value=\"140\">Aabenraa<\/option><\/select><\/div><\/div><div class=\"gt-col\"><div class=\"gt-inner\"><select name=\"status\" class=\"gt-select\" data-live-search=\"false\"><option value=\"\">Status<\/option><option value=\"upcoming\">Upcoming<\/option><option value=\"showing\">Showing<\/option><option value=\"expired\">Expired<\/option><\/select><\/div><\/div><div class=\"gt-col\"><div class=\"gt-inner\"><input type=\"text\" name=\"startdate\" autocomplete=\"off\" class=\"eventsearchdate-datepicker\" placeholder=\"Start Date\" value=\"\" \/><\/div><\/div><div class=\"gt-col\"><div class=\"gt-inner\"><select name=\"sort\" class=\"gt-select\" data-live-search=\"false\"><option value=\"\">Sort by<\/option><option value=\"start-date\">Start Date<\/option><option value=\"end-date\">End Date<\/option><option value=\"added-date\">Added Date<\/option><option value=\"name-az\">Name A &gt; Z<\/option><option value=\"name-za\">Name Z &gt; A<\/option><option value=\"price-l-h\">Price: Low to High<\/option><option value=\"price-h-l\">Price: High to Low<\/option><\/select><\/div><\/div><div class=\"gt-col\"><div class=\"gt-inner\"><button type=\"submit\" class=\"gt-submit\">Search<\/button><\/div><\/div><\/div><\/div><\/form><\/div><\/div><\/div><\/div><\/div><\/div><div class=\"vc_row-full-width vc_clearfix\"><\/div><div class=\"vc_row wpb_row vc_row-fluid gt-background-position-initial gt-background-attachment-initial gt-overflow-hidden gt-text-default\"><div class=\"wpb_column vc_column_container vc_col-sm-12\"><div class=\"vc_column-inner\"><div class=\"wpb_wrapper\"><div class=\"vc_empty_space\"   style=\"height: 120px\"><span class=\"vc_empty_space_inner\"><\/span><\/div><\/div><\/div><\/div><\/div>\n<\/div>","protected":false},"excerpt":{"rendered":"Vi gentager succes\u00b4en - K\u00f8b \u00e9n billet og smag p\u00e5 gode vine rundt omkring i g\u00e5gaden. I \u00e5r krydrer vi det med underholdende gademusik. Billetter s\u00e6ttes til salg i uge 6.","protected":false},"author":1,"featured_media":0,"parent":0,"menu_order":0,"comment_status":"closed","ping_status":"closed","template":"","meta":{"footnotes":""},"class_list":["post-3838","page","type-page","status-publish","hentry"],"_links":{"self":[{"href":"https:\/\/voresevent.dk\/index.php\/wp-json\/wp\/v2\/pages\/3838","targetHints":{"allow":["GET"]}}],"collection":[{"href":"https:\/\/voresevent.dk\/index.php\/wp-json\/wp\/v2\/pages"}],"about":[{"href":"https:\/\/voresevent.dk\/index.php\/wp-json\/wp\/v2\/types\/page"}],"author":[{"embeddable":true,"href":"https:\/\/voresevent.dk\/index.php\/wp-json\/wp\/v2\/users\/1"}],"replies":[{"embeddable":true,"href":"https:\/\/voresevent.dk\/index.php\/wp-json\/wp\/v2\/comments?post=3838"}],"version-history":[{"count":1,"href":"https:\/\/voresevent.dk\/index.php\/wp-json\/wp\/v2\/pages\/3838\/revisions"}],"predecessor-version":[{"id":3839,"href":"https:\/\/voresevent.dk\/index.php\/wp-json\/wp\/v2\/pages\/3838\/revisions\/3839"}],"wp:attachment":[{"href":"https:\/\/voresevent.dk\/index.php\/wp-json\/wp\/v2\/media?parent=3838"}],"curies":[{"name":"wp","href":"https:\/\/api.w.org\/{rel}","templated":true}]}}