{"id":22,"date":"2018-11-14T08:43:50","date_gmt":"2018-11-14T08:43:50","guid":{"rendered":"https:\/\/demo.gloriathemes.com\/eventchamp\/demo\/?page_id=22"},"modified":"2026-02-19T12:10:06","modified_gmt":"2026-02-19T12:10:06","slug":"multiple-v2","status":"publish","type":"page","link":"https:\/\/voresevent.dk\/","title":{"rendered":"Home &#8211; Multiple v2"},"content":{"rendered":"<div class=\"wpb-content-wrapper\"><div data-vc-full-width=\"true\" data-vc-full-width-init=\"false\" data-vc-stretch-content=\"true\" class=\"vc_row wpb_row vc_row-fluid gt-background-position-initial gt-background-attachment-initial gt-overflow-visible gt-text-default vc_row-no-padding\"><div class=\"wpb_column vc_column_container vc_col-sm-12\"><div class=\"vc_column-inner\"><div class=\"wpb_wrapper\"><div class=\"gt-event-search-tool gt-dark gt-style-2\" style=\"background-image:url(https:\/\/voresevent.dk\/wp-content\/uploads\/2026\/02\/aabenraa2.jpg);\"><div class=\"gt-form container\"><form method=\"get\" action=\"https:\/\/voresevent.dk\/index.php\/search-results\/\"><div class=\"search-content\"><div class=\"gt-columns gt-column-6 gt-columns-center gt-column-space-15\"><div class=\"gt-col\"><div class=\"gt-inner\"><div class=\"title\">S\u00f8g efter event<\/div><\/div><\/div><div class=\"gt-col d-none\"><div class=\"gt-inner\"><input name=\"keyword\" type=\"hidden\"><\/div><\/div><div class=\"gt-col\"><div class=\"gt-inner\"><select name=\"category\" class=\"gt-select\" data-live-search=\"false\"><option value=\"\">Category<\/option><option value=\"64\">Festival<\/option><option value=\"36\">Forretning<\/option><option value=\"44\">Koncert<\/option><option value=\"45\">Konference<\/option><option value=\"30\">Kunst<\/option><option value=\"67\">Mad<\/option><option value=\"97\">Natteliv<\/option><option value=\"117\">Rejse<\/option><option value=\"111\">Sport<\/option><option value=\"114\">Teknologi<\/option><option value=\"55\">Undervisning<\/option><\/select><\/div><\/div><div class=\"gt-col\"><div class=\"gt-inner\"><select name=\"location\" class=\"gt-select\" data-live-search=\"false\"><option value=\"\">Location<\/option><option value=\"140\">Aabenraa<\/option><option value=\"148\">Billund<\/option><option value=\"145\">Esbjerg<\/option><option value=\"143\">Haderslev<\/option><option value=\"144\">Kolding<\/option><option value=\"141\">S\u00f8nderborg<\/option><option value=\"142\">T\u00f8nder<\/option><option value=\"147\">Varde<\/option><option value=\"146\">Vejen<\/option><\/select><\/div><\/div><div class=\"gt-col\"><div class=\"gt-inner\"><input type=\"text\" name=\"startdate\" autocomplete=\"off\" class=\"eventsearchdate-datepicker\" placeholder=\"Start Date\" value=\"\" \/><\/div><\/div><div class=\"gt-col\"><div class=\"gt-inner\"><input type=\"text\" name=\"enddate\" autocomplete=\"off\" class=\"eventsearchdate-datepicker\" placeholder=\"End Date\" value=\"\" \/><\/div><\/div><div class=\"gt-col\"><div class=\"gt-inner\"><select name=\"sort\" class=\"gt-select\" data-live-search=\"false\"><option value=\"\">Sort by<\/option><option value=\"start-date\">Start Date<\/option><option value=\"end-date\">End Date<\/option><option value=\"added-date\">Added Date<\/option><option value=\"name-az\">Name A &gt; Z<\/option><option value=\"name-za\">Name Z &gt; A<\/option><option value=\"price-l-h\">Price: Low to High<\/option><option value=\"price-h-l\">Price: High to Low<\/option><\/select><\/div><\/div><div class=\"gt-col\"><div class=\"gt-inner\"><button type=\"submit\" class=\"gt-submit\">Search<\/button><\/div><\/div><\/div><\/div><\/form><\/div><\/div><\/div><\/div><\/div><\/div><div class=\"vc_row-full-width vc_clearfix\"><\/div><div class=\"vc_row wpb_row vc_row-fluid gt-background-position-initial gt-background-attachment-initial gt-overflow-hidden gt-text-default\"><div class=\"wpb_column vc_column_container vc_col-sm-12\"><div class=\"vc_column-inner\"><div class=\"wpb_wrapper\"><div class=\"vc_empty_space\"   style=\"height: 110px\"><span class=\"vc_empty_space_inner\"><\/span><\/div><div class=\"vc_btn3-container vc_btn3-center\" ><a class=\"vc_general vc_btn3 vc_btn3-size-lg vc_btn3-shape-square vc_btn3-style-outline vc_btn3-block vc_btn3-icon-right vc_btn3-color-turquoise\" href=\"https:\/\/voresevent.dk\/index.php\/tilfoejevent\/\" title=\"\">Tilf\u00f8j dit eget event til kalenderen! <i class=\"vc_btn3-icon far fa-calendar-alt\"><\/i><\/a><\/div><\/div><\/div><\/div><\/div><div class=\"vc_row wpb_row vc_row-fluid gt-background-position-initial gt-background-attachment-initial gt-overflow-hidden gt-text-default\"><div class=\"wpb_column vc_column_container vc_col-sm-12\"><div class=\"vc_column-inner\"><div class=\"wpb_wrapper\"><div class=\"vc_empty_space\"   style=\"height: 110px\"><span class=\"vc_empty_space_inner\"><\/span><\/div><div class=\"gt-heading gt-dark gt-size1 gt-align-center\"><div class=\"gt-title\">Kommende <span>Events<\/span><\/div><div class=\"gt-separate\"><div class=\"gt-icon\"><svg xmlns=\"http:\/\/www.w3.org\/2000\/svg\" viewBox=\"0 0 24 24\" fill=\"none\" stroke=\"currentColor\" stroke-width=\"2\" stroke-linecap=\"round\" stroke-linejoin=\"round\"><rect x=\"3\" y=\"4\" width=\"18\" height=\"18\" rx=\"2\" ry=\"2\"><\/rect><line x1=\"16\" y1=\"2\" x2=\"16\" y2=\"6\"><\/line><line x1=\"8\" y1=\"2\" x2=\"8\" y2=\"6\"><\/line><line x1=\"3\" y1=\"10\" x2=\"21\" y2=\"10\"><\/line><\/svg><\/div><\/div><div class=\"gt-text\">Find dit n\u00e6ste event! Live musik, workshops, kunstudstillinger og meget mere.<\/div><\/div><div class=\"vc_empty_space\"   style=\"height: 115px\"><span class=\"vc_empty_space_inner\"><\/span><\/div><div class=\"gt-categorized-contents gt-tab-panel\"><ul class=\"nav gt-nav gt-center\" role=\"tablist\"><li><a href=\"#categorized-events-all\" aria-controls=\"categorized-events-all\" role=\"tab\" data-toggle=\"tab\" class=\"active\">All<\/a><\/li><li><a href=\"#categorized-events-koncert-1\" aria-controls=\"categorized-events-koncert\" role=\"tab\" data-toggle=\"tab\">Koncert<\/a><\/li><li><a href=\"#categorized-events-mad-2\" aria-controls=\"categorized-events-mad\" role=\"tab\" data-toggle=\"tab\">Mad<\/a><\/li><\/ul><div class=\"tab-content\"><\/div><\/div><div class=\"vc_empty_space\"   style=\"height: 120px\"><span class=\"vc_empty_space_inner\"><\/span><\/div><\/div><\/div><\/div><\/div><div class=\"vc_row wpb_row vc_row-fluid gt-background-position-initial gt-background-attachment-initial gt-overflow-hidden gt-text-default\"><div class=\"wpb_column vc_column_container vc_col-sm-12 vc_col-lg-4 vc_col-md-4 vc_col-xs-12\"><div class=\"vc_column-inner\"><div class=\"wpb_wrapper\"><div class=\"gt-banner-box\" style=\"background-image:url(https:\/\/voresevent.dk\/wp-content\/uploads\/2026\/02\/aabenraa1.jpg);\"><a href=\"https:\/\/voresevent.dk\/index.php\/kommende\/\" target=\"_parent\"><div class=\"gt-content\"><span class=\"primary\">Kommende<\/span><span class=\"secondary\">Events<\/span><\/div><\/a><\/div><div class=\"vc_empty_space\"   style=\"height: 30px\"><span class=\"vc_empty_space_inner\"><\/span><\/div><\/div><\/div><\/div><div class=\"wpb_column vc_column_container vc_col-sm-12 vc_col-lg-4 vc_col-md-4 vc_col-xs-12\"><div class=\"vc_column-inner\"><div class=\"wpb_wrapper\"><div class=\"gt-banner-box\" style=\"background-image:url(https:\/\/voresevent.dk\/wp-content\/uploads\/2026\/02\/aabenraa2.jpg);\"><a href=\"https:\/\/voresevent.dk\/index.php\/nuvaerende\/\" target=\"_parent\"><div class=\"gt-content\"><span class=\"primary\">Nuv\u00e6rende<\/span><span class=\"secondary\">Events<\/span><\/div><\/a><\/div><div class=\"vc_empty_space\"   style=\"height: 30px\"><span class=\"vc_empty_space_inner\"><\/span><\/div><\/div><\/div><\/div><div class=\"wpb_column vc_column_container vc_col-sm-12 vc_col-lg-4 vc_col-md-4 vc_col-xs-12\"><div class=\"vc_column-inner\"><div class=\"wpb_wrapper\"><div class=\"gt-banner-box\" style=\"background-image:url(https:\/\/voresevent.dk\/wp-content\/uploads\/2026\/02\/aabenraa3.jpg);\"><a href=\"https:\/\/voresevent.dk\/index.php\/event-listing-2\/\" target=\"_parent\"><div class=\"gt-content\"><span class=\"primary\">Afsluttede<\/span><span class=\"secondary\">Events<\/span><\/div><\/a><\/div><div class=\"vc_empty_space\"   style=\"height: 30px\"><span class=\"vc_empty_space_inner\"><\/span><\/div><\/div><\/div><\/div><div class=\"wpb_column vc_column_container vc_col-sm-12\"><div class=\"vc_column-inner\"><div class=\"wpb_wrapper\"><div class=\"vc_empty_space\"   style=\"height: 90px\"><span class=\"vc_empty_space_inner\"><\/span><\/div><\/div><\/div><\/div><\/div><div data-vc-full-width=\"true\" data-vc-full-width-init=\"false\" class=\"vc_row wpb_row vc_row-fluid vc_custom_1542730421717 vc_row-has-fill gt-background-position-initial gt-background-attachment-initial gt-overflow-hidden gt-text-default\"><div class=\"wpb_column vc_column_container vc_col-sm-12\"><div class=\"vc_column-inner\"><div class=\"wpb_wrapper\"><div class=\"vc_empty_space\"   style=\"height: 75px\"><span class=\"vc_empty_space_inner\"><\/span><\/div><div class=\"gt-heading gt-dark gt-size1 gt-align-center\"><div class=\"gt-title\">Udvalgte <span>Begivenheder<\/span><\/div><div class=\"gt-separate\"><div class=\"gt-icon\"><svg xmlns=\"http:\/\/www.w3.org\/2000\/svg\" viewBox=\"0 0 24 24\" fill=\"none\" stroke=\"currentColor\" stroke-width=\"2\" stroke-linecap=\"round\" stroke-linejoin=\"round\"><circle cx=\"12\" cy=\"8\" r=\"7\"><\/circle><polyline points=\"8.21 13.89 7 23 12 20 17 23 15.79 13.88\"><\/polyline><\/svg><\/div><\/div><div class=\"gt-text\">Sp\u00e6ndende koncerter, workshops, festivaller &amp; mere - dyk ind i en verden af sp\u00e6ndende oplevelser.<\/div><\/div><div class=\"vc_empty_space\"   style=\"height: 75px\"><span class=\"vc_empty_space_inner\"><\/span><\/div><div class=\"vc_empty_space\"   style=\"height: 115px\"><span class=\"vc_empty_space_inner\"><\/span><\/div><div class=\"vc_empty_space\"   style=\"height: 120px\"><span class=\"vc_empty_space_inner\"><\/span><\/div><\/div><\/div><\/div><\/div><div class=\"vc_row-full-width vc_clearfix\"><\/div><div data-vc-full-width=\"true\" data-vc-full-width-init=\"false\" class=\"vc_row wpb_row vc_row-fluid gt-dark vc_custom_1656545059149 vc_row-has-fill gt-background-position-center-center gt-background-attachment-fixed gt-overflow-hidden gt-text-default\"><div class=\"wpb_column vc_column_container vc_col-sm-12\"><div class=\"vc_column-inner\"><div class=\"wpb_wrapper\"><div class=\"gt-heading gt-white gt-size1 gt-align-center\"><div class=\"gt-title\">Popul\u00e6re <span>spillesteder<\/span><\/div><div class=\"gt-separate\"><div class=\"gt-icon\"><svg xmlns=\"http:\/\/www.w3.org\/2000\/svg\" viewBox=\"0 0 24 24\" fill=\"none\" stroke=\"currentColor\" stroke-width=\"2\" stroke-linecap=\"round\" stroke-linejoin=\"round\"><polygon points=\"1 6 1 22 8 18 16 22 23 18 23 2 16 6 8 2 1 6\"><\/polygon><line x1=\"8\" y1=\"2\" x2=\"8\" y2=\"18\"><\/line><line x1=\"16\" y1=\"6\" x2=\"16\" y2=\"22\"><\/line><\/svg><\/div><\/div><div class=\"gt-text\">Find et spillested i n\u00e6rheden af dig med sp\u00e6ndene oplevelser<\/div><\/div><div class=\"vc_empty_space\"   style=\"height: 115px\"><span class=\"vc_empty_space_inner\"><\/span><\/div><div class=\"gt-venues-carousel gt-style-3\"><div class=\"swiper-container gt-swiper-slider\" data-gt-item=\"3\" data-gt-item-space=\"30\" data-gt-loop=\"true\" data-gt-speed=\"1000\" data-gt-direction=\"horizontal\" data-gt-effect=\"slide\" data-gt-centered-slides=\"false\" data-gt-free-mode=\"false\"><div class=\"swiper-wrapper\"><div class=\"swiper-slide\" data-swiper-autoplay=\"15000\"><div class=\"gt-venue-style-3\"><div class=\"gt-image\"><a href=\"https:\/\/voresevent.dk\/index.php\/venue\/soenderjyllandshallen\/\"><img loading=\"lazy\" decoding=\"async\" width=\"952\" height=\"576\" src=\"https:\/\/voresevent.dk\/wp-content\/uploads\/2024\/02\/Soenderjyllandshallen-1024x576-1-952x576.jpg\" class=\"attachment-eventchamp-event-list size-eventchamp-event-list wp-post-image\" alt=\"\" srcset=\"https:\/\/voresevent.dk\/wp-content\/uploads\/2024\/02\/Soenderjyllandshallen-1024x576-1-952x576.jpg 952w, https:\/\/voresevent.dk\/wp-content\/uploads\/2024\/02\/Soenderjyllandshallen-1024x576-1-18x10.jpg 18w, https:\/\/voresevent.dk\/wp-content\/uploads\/2024\/02\/Soenderjyllandshallen-1024x576-1-130x80.jpg 130w\" sizes=\"auto, (max-width: 952px) 100vw, 952px\" \/><\/a><\/div><div class=\"gt-content\"><div class=\"gt-details\"><div class=\"gt-location\"><ul><li><a href=\"https:\/\/voresevent.dk\/index.php\/location\/aabenraa\/?post_type=venue\">Aabenraa<\/a><\/li><\/ul><\/div><div class=\"gt-category\"><svg xmlns=\"https:\/\/www.w3.org\/2000\/svg\" width=\"18\" height=\"18\" viewBox=\"0 0 24 24\" fill=\"none\" stroke=\"currentColor\" stroke-width=\"2\" stroke-linecap=\"round\" stroke-linejoin=\"round\"><path d=\"M22 19a2 2 0 0 1-2 2H4a2 2 0 0 1-2-2V5a2 2 0 0 1 2-2h5l2 3h9a2 2 0 0 1 2 2z\"><\/path><\/svg><ul><li><a href=\"https:\/\/voresevent.dk\/index.php\/venue-category\/cafe-restaurant\/?post_type=venue\">Cafe &amp; Restaurant<\/a><\/li><\/ul><\/div><\/div><div class=\"gt-title\"><a href=\"https:\/\/voresevent.dk\/index.php\/venue\/soenderjyllandshallen\/\">S\u00f8nderjyllandshallen<\/a><\/div><\/div><\/div><\/div><div class=\"swiper-slide\" data-swiper-autoplay=\"15000\"><div class=\"gt-venue-style-3\"><div class=\"gt-image\"><a href=\"https:\/\/voresevent.dk\/index.php\/venue\/gazzvaerket\/\"><img loading=\"lazy\" decoding=\"async\" width=\"952\" height=\"576\" src=\"https:\/\/voresevent.dk\/wp-content\/uploads\/2024\/02\/Gazzvaerket-1024x576-1-952x576.jpg\" class=\"attachment-eventchamp-event-list size-eventchamp-event-list wp-post-image\" alt=\"\" srcset=\"https:\/\/voresevent.dk\/wp-content\/uploads\/2024\/02\/Gazzvaerket-1024x576-1-952x576.jpg 952w, https:\/\/voresevent.dk\/wp-content\/uploads\/2024\/02\/Gazzvaerket-1024x576-1-18x10.jpg 18w, https:\/\/voresevent.dk\/wp-content\/uploads\/2024\/02\/Gazzvaerket-1024x576-1-130x80.jpg 130w\" sizes=\"auto, (max-width: 952px) 100vw, 952px\" \/><\/a><\/div><div class=\"gt-content\"><div class=\"gt-details\"><div class=\"gt-location\"><ul><li><a href=\"https:\/\/voresevent.dk\/index.php\/location\/aabenraa\/?post_type=venue\">Aabenraa<\/a><\/li><\/ul><\/div><div class=\"gt-category\"><svg xmlns=\"https:\/\/www.w3.org\/2000\/svg\" width=\"18\" height=\"18\" viewBox=\"0 0 24 24\" fill=\"none\" stroke=\"currentColor\" stroke-width=\"2\" stroke-linecap=\"round\" stroke-linejoin=\"round\"><path d=\"M22 19a2 2 0 0 1-2 2H4a2 2 0 0 1-2-2V5a2 2 0 0 1 2-2h5l2 3h9a2 2 0 0 1 2 2z\"><\/path><\/svg><ul><li><a href=\"https:\/\/voresevent.dk\/index.php\/venue-category\/natteliv\/?post_type=venue\">Natteliv<\/a><\/li><\/ul><\/div><\/div><div class=\"gt-title\"><a href=\"https:\/\/voresevent.dk\/index.php\/venue\/gazzvaerket\/\">Gazzv\u00e6rket<\/a><\/div><\/div><\/div><\/div><div class=\"swiper-slide\" data-swiper-autoplay=\"15000\"><div class=\"gt-venue-style-3\"><div class=\"gt-image\"><a href=\"https:\/\/voresevent.dk\/index.php\/venue\/nygadehuset\/\"><img loading=\"lazy\" decoding=\"async\" width=\"300\" height=\"168\" src=\"https:\/\/voresevent.dk\/wp-content\/uploads\/2024\/02\/download.jpg\" class=\"attachment-eventchamp-event-list size-eventchamp-event-list wp-post-image\" alt=\"\" srcset=\"https:\/\/voresevent.dk\/wp-content\/uploads\/2024\/02\/download.jpg 300w, https:\/\/voresevent.dk\/wp-content\/uploads\/2024\/02\/download-18x10.jpg 18w\" sizes=\"auto, (max-width: 300px) 100vw, 300px\" \/><\/a><\/div><div class=\"gt-content\"><div class=\"gt-details\"><div class=\"gt-location\"><ul><li><a href=\"https:\/\/voresevent.dk\/index.php\/location\/aabenraa\/?post_type=venue\">Aabenraa<\/a><\/li><\/ul><\/div><div class=\"gt-category\"><svg xmlns=\"https:\/\/www.w3.org\/2000\/svg\" width=\"18\" height=\"18\" viewBox=\"0 0 24 24\" fill=\"none\" stroke=\"currentColor\" stroke-width=\"2\" stroke-linecap=\"round\" stroke-linejoin=\"round\"><path d=\"M22 19a2 2 0 0 1-2 2H4a2 2 0 0 1-2-2V5a2 2 0 0 1 2-2h5l2 3h9a2 2 0 0 1 2 2z\"><\/path><\/svg><ul><li><a href=\"https:\/\/voresevent.dk\/index.php\/venue-category\/kulturhus\/?post_type=venue\">Kulturhus<\/a><\/li><\/ul><\/div><\/div><div class=\"gt-title\"><a href=\"https:\/\/voresevent.dk\/index.php\/venue\/nygadehuset\/\">Nygadehuset<\/a><\/div><\/div><\/div><\/div><\/div><div class=\"gt-pagination\"><div class=\"gt-slider-prev\"><svg xmlns=\"https:\/\/www.w3.org\/2000\/svg\" viewBox=\"0 0 24 24\" fill=\"none\" stroke=\"currentColor\" stroke-width=\"2\" stroke-linecap=\"round\" stroke-linejoin=\"round\"><polyline points=\"15 18 9 12 15 6\"><\/polyline><\/svg><\/div><div><a href=\"https:\/\/voresevent.dk\/index.php\/venue\/\" class=\"gt-all-button\">All Venues<\/a><\/div><div class=\"gt-slider-next\"><svg xmlns=\"https:\/\/www.w3.org\/2000\/svg\" viewBox=\"0 0 24 24\" fill=\"none\" stroke=\"currentColor\" stroke-width=\"2\" stroke-linecap=\"round\" stroke-linejoin=\"round\"><polyline points=\"9 18 15 12 9 6\"><\/polyline><\/svg><\/div><\/div><\/div><\/div><div class=\"vc_empty_space\"   style=\"height: 120px\"><span class=\"vc_empty_space_inner\"><\/span><\/div><\/div><\/div><\/div><\/div><div class=\"vc_row-full-width vc_clearfix\"><\/div><div data-vc-full-width=\"true\" data-vc-full-width-init=\"false\" class=\"vc_row wpb_row vc_row-fluid vc_custom_1560528368786 vc_row-has-fill gt-background-position-center-center gt-background-attachment-fixed gt-overflow-hidden gt-text-default\"><div class=\"wpb_column vc_column_container vc_col-sm-12\"><div class=\"vc_column-inner\"><div class=\"wpb_wrapper\"><div class=\"vc_empty_space\"   style=\"height: 75px\"><span class=\"vc_empty_space_inner\"><\/span><\/div><div class=\"gt-heading gt-white gt-size1 gt-align-center\"><div class=\"gt-title\">Nyhedsbrev<\/div><div class=\"gt-separate\"><div class=\"gt-icon\"><svg xmlns=\"http:\/\/www.w3.org\/2000\/svg\" viewBox=\"0 0 24 24\" fill=\"none\" stroke=\"currentColor\" stroke-width=\"2\" stroke-linecap=\"round\" stroke-linejoin=\"round\"><path d=\"M4 4h16c1.1 0 2 .9 2 2v12c0 1.1-.9 2-2 2H4c-1.1 0-2-.9-2-2V6c0-1.1.9-2 2-2z\"><\/path><polyline points=\"22,6 12,13 2,6\"><\/polyline><\/svg><\/div><\/div><div class=\"gt-text\">Hold dig opdateret omkring nye topevents, sp\u00e6ndende begivenheder og fede events.<\/div><\/div><div class=\"vc_empty_space\"   style=\"height: 110px\"><span class=\"vc_empty_space_inner\"><\/span><\/div><div class=\"vc_row wpb_row vc_inner vc_row-fluid\"><div class=\"wpb_column vc_column_container vc_col-sm-12 vc_col-lg-1 vc_col-md-1 vc_hidden-sm vc_hidden-xs\"><div class=\"vc_column-inner\"><div class=\"wpb_wrapper\"><\/div><\/div><\/div><div class=\"wpb_column vc_column_container vc_col-sm-12 vc_col-lg-10 vc_col-md-10 vc_col-xs-12\"><div class=\"vc_column-inner\"><div class=\"wpb_wrapper\"><div class=\"gt-mailchimp-newsletter gt-dark\"><\/div><\/div><\/div><\/div><div class=\"wpb_column vc_column_container vc_col-sm-12 vc_col-lg-1 vc_col-md-1 vc_hidden-sm vc_hidden-xs\"><div class=\"vc_column-inner\"><div class=\"wpb_wrapper\"><\/div><\/div><\/div><\/div><div class=\"vc_empty_space\"   style=\"height: 120px\"><span class=\"vc_empty_space_inner\"><\/span><\/div><\/div><\/div><\/div><\/div><div class=\"vc_row-full-width vc_clearfix\"><\/div><div class=\"vc_row wpb_row vc_row-fluid gt-background-position-initial gt-background-attachment-initial gt-overflow-hidden gt-text-default\"><div class=\"wpb_column vc_column_container vc_col-sm-12\"><div class=\"vc_column-inner\"><div class=\"wpb_wrapper\"><div class=\"vc_empty_space\"   style=\"height: 75px\"><span class=\"vc_empty_space_inner\"><\/span><\/div><div class=\"gt-heading gt-dark gt-size1 gt-align-center\"><div class=\"gt-title\">Hvorfor v\u00e6lge <span>VoresEvent?<\/span><\/div><div class=\"gt-separate\"><div class=\"gt-icon\"><svg xmlns=\"http:\/\/www.w3.org\/2000\/svg\" width=\"24\" height=\"24\" viewBox=\"0 0 24 24\" fill=\"none\" stroke=\"currentColor\" stroke-width=\"2\" stroke-linecap=\"round\" stroke-linejoin=\"round\"><line x1=\"16.5\" y1=\"9.4\" x2=\"7.5\" y2=\"4.21\"><\/line><path d=\"M21 16V8a2 2 0 0 0-1-1.73l-7-4a2 2 0 0 0-2 0l-7 4A2 2 0 0 0 3 8v8a2 2 0 0 0 1 1.73l7 4a2 2 0 0 0 2 0l7-4A2 2 0 0 0 21 16z\"><\/path><polyline points=\"3.27 6.96 12 12.01 20.73 6.96\"><\/polyline><line x1=\"12\" y1=\"22.08\" x2=\"12\" y2=\"12\"><\/line><\/svg><\/div><\/div><div class=\"gt-text\">Vi g\u00f8r det simpelt at finde sp\u00e6ndende events og begivenheder i n\u00e6rheden af dig.<\/div><\/div><div class=\"vc_empty_space\"   style=\"height: 105px\"><span class=\"vc_empty_space_inner\"><\/span><\/div><div class=\"vc_row wpb_row vc_inner vc_row-fluid\"><div class=\"wpb_column vc_column_container vc_col-sm-6 vc_col-lg-3 vc_col-md-3 vc_col-xs-12\"><div class=\"vc_column-inner\"><div class=\"wpb_wrapper\"><div class=\"gt-eventchamp-service-box gt-style-1 gt-align-center\"><div class=\"gt-icon\"><svg xmlns=\"http:\/\/www.w3.org\/2000\/svg\" viewBox=\"0 0 24 24\" fill=\"none\" stroke=\"currentColor\" stroke-width=\"1\" stroke-linecap=\"round\" stroke-linejoin=\"round\"><rect x=\"3\" y=\"4\" width=\"18\" height=\"18\" rx=\"2\" ry=\"2\"><\/rect><line x1=\"16\" y1=\"2\" x2=\"16\" y2=\"6\"><\/line><line x1=\"8\" y1=\"2\" x2=\"8\" y2=\"6\"><\/line><line x1=\"3\" y1=\"10\" x2=\"21\" y2=\"10\"><\/line><\/svg><\/div><div class=\"gt-title\">Forskellige events<\/div><p>Find nemt begivenheder i n\u00e6rheden af dig!<\/p>\n<\/div><div class=\"vc_empty_space\"   style=\"height: 30px\"><span class=\"vc_empty_space_inner\"><\/span><\/div><\/div><\/div><\/div><div class=\"wpb_column vc_column_container vc_col-sm-6 vc_col-lg-3 vc_col-md-3 vc_col-xs-12\"><div class=\"vc_column-inner\"><div class=\"wpb_wrapper\"><div class=\"gt-eventchamp-service-box gt-style-1 gt-align-center\"><div class=\"gt-icon\"><svg xmlns=\"http:\/\/www.w3.org\/2000\/svg\" viewBox=\"0 0 24 24\" fill=\"none\" stroke=\"currentColor\" stroke-width=\"1\" stroke-linecap=\"round\" stroke-linejoin=\"round\"><path d=\"M12 20h9\"><\/path><path d=\"M16.5 3.5a2.121 2.121 0 0 1 3 3L7 19l-4 1 1-4L16.5 3.5z\"><\/path><\/svg><\/div><div class=\"gt-title\">Tilf\u00f8j events<\/div><p>Det er helt GRATIS at tilf\u00f8je dine egne events og begivenheder til hjemmesiden!<\/p>\n<\/div><div class=\"vc_empty_space\"   style=\"height: 30px\"><span class=\"vc_empty_space_inner\"><\/span><\/div><\/div><\/div><\/div><div class=\"wpb_column vc_column_container vc_col-sm-6 vc_col-lg-3 vc_col-md-3 vc_col-xs-12\"><div class=\"vc_column-inner\"><div class=\"wpb_wrapper\"><div class=\"gt-eventchamp-service-box gt-style-1 gt-align-center\"><div class=\"gt-icon\"><svg xmlns=\"http:\/\/www.w3.org\/2000\/svg\" viewBox=\"0 0 24 24\" fill=\"none\" stroke=\"currentColor\" stroke-width=\"1\" stroke-linecap=\"round\" stroke-linejoin=\"round\"><rect x=\"1\" y=\"4\" width=\"22\" height=\"16\" rx=\"2\" ry=\"2\"><\/rect><line x1=\"1\" y1=\"10\" x2=\"23\" y2=\"10\"><\/line><\/svg><\/div><div class=\"gt-title\">F\u00e5 fremh\u00e6vet dine events<\/div><p>Skal dit event fremh\u00e6ves p\u00e5 hjemmesiden. S\u00e5 t\u00f8v ikke med at kontakte os!<\/p>\n<\/div><div class=\"vc_empty_space\"   style=\"height: 30px\"><span class=\"vc_empty_space_inner\"><\/span><\/div><\/div><\/div><\/div><div class=\"wpb_column vc_column_container vc_col-sm-6 vc_col-lg-3 vc_col-md-3 vc_col-xs-12\"><div class=\"vc_column-inner\"><div class=\"wpb_wrapper\"><div class=\"gt-eventchamp-service-box gt-style-1 gt-align-center\"><div class=\"gt-icon\"><svg xmlns=\"http:\/\/www.w3.org\/2000\/svg\" viewBox=\"0 0 24 24\" fill=\"none\" stroke=\"currentColor\" stroke-width=\"1\" stroke-linecap=\"round\" stroke-linejoin=\"round\"><line x1=\"4\" y1=\"21\" x2=\"4\" y2=\"14\"><\/line><line x1=\"4\" y1=\"10\" x2=\"4\" y2=\"3\"><\/line><line x1=\"12\" y1=\"21\" x2=\"12\" y2=\"12\"><\/line><line x1=\"12\" y1=\"8\" x2=\"12\" y2=\"3\"><\/line><line x1=\"20\" y1=\"21\" x2=\"20\" y2=\"16\"><\/line><line x1=\"20\" y1=\"12\" x2=\"20\" y2=\"3\"><\/line><line x1=\"1\" y1=\"14\" x2=\"7\" y2=\"14\"><\/line><line x1=\"9\" y1=\"8\" x2=\"15\" y2=\"8\"><\/line><line x1=\"17\" y1=\"16\" x2=\"23\" y2=\"16\"><\/line><\/svg><\/div><div class=\"gt-title\">Tilpas dit event.<\/div><p>Personligg\u00f8r dit event ved selv at tilf\u00f8je billeder og tekst til hjemmesiden!<\/p>\n<\/div><div class=\"vc_empty_space\"   style=\"height: 30px\"><span class=\"vc_empty_space_inner\"><\/span><\/div><\/div><\/div><\/div><\/div><div class=\"vc_empty_space\"   style=\"height: 75px\"><span class=\"vc_empty_space_inner\"><\/span><\/div><\/div><\/div><\/div><\/div>\n<\/div>","protected":false},"excerpt":{"rendered":"","protected":false},"author":1,"featured_media":0,"parent":0,"menu_order":0,"comment_status":"closed","ping_status":"closed","template":"","meta":{"footnotes":""},"class_list":["post-22","page","type-page","status-publish","hentry"],"_links":{"self":[{"href":"https:\/\/voresevent.dk\/index.php\/wp-json\/wp\/v2\/pages\/22","targetHints":{"allow":["GET"]}}],"collection":[{"href":"https:\/\/voresevent.dk\/index.php\/wp-json\/wp\/v2\/pages"}],"about":[{"href":"https:\/\/voresevent.dk\/index.php\/wp-json\/wp\/v2\/types\/page"}],"author":[{"embeddable":true,"href":"https:\/\/voresevent.dk\/index.php\/wp-json\/wp\/v2\/users\/1"}],"replies":[{"embeddable":true,"href":"https:\/\/voresevent.dk\/index.php\/wp-json\/wp\/v2\/comments?post=22"}],"version-history":[{"count":25,"href":"https:\/\/voresevent.dk\/index.php\/wp-json\/wp\/v2\/pages\/22\/revisions"}],"predecessor-version":[{"id":3861,"href":"https:\/\/voresevent.dk\/index.php\/wp-json\/wp\/v2\/pages\/22\/revisions\/3861"}],"wp:attachment":[{"href":"https:\/\/voresevent.dk\/index.php\/wp-json\/wp\/v2\/media?parent=22"}],"curies":[{"name":"wp","href":"https:\/\/api.w.org\/{rel}","templated":true}]}}