{"id":1000,"date":"2018-12-03T13:56:23","date_gmt":"2018-12-03T13:56:23","guid":{"rendered":"https:\/\/demo.gloriathemes.com\/eventchamp\/demo\/?page_id=1000"},"modified":"2024-03-04T17:31:59","modified_gmt":"2024-03-04T17:31:59","slug":"event-listing-2","status":"publish","type":"page","link":"https:\/\/voresevent.dk\/index.php\/event-listing-2\/","title":{"rendered":"Afsluttede events"},"content":{"rendered":"<div class=\"wpb-content-wrapper\"><div data-vc-full-width=\"true\" data-vc-full-width-init=\"false\" data-vc-stretch-content=\"true\" class=\"vc_row wpb_row vc_row-fluid gt-background-position-initial gt-background-attachment-initial gt-overflow-visible gt-text-default vc_row-no-padding\"><div class=\"wpb_column vc_column_container vc_col-sm-12\"><div class=\"vc_column-inner\"><div class=\"wpb_wrapper\"><div class=\"gt-event-search-tool gt-dark gt-style-2\" style=\"background-image:url(https:\/\/voresevent.dk\/wp-content\/uploads\/2022\/01\/titlebar-bg.jpg);\"><div class=\"gt-form container\"><form method=\"get\" action=\"https:\/\/voresevent.dk\/index.php\/search-results\/\"><div class=\"search-content\"><div class=\"gt-columns gt-column-7 gt-columns-center gt-column-space-15\"><div class=\"gt-col\"><div class=\"gt-inner\"><input name=\"keyword\" type=\"text\" placeholder=\"e.g. event, meetup\" value=\"\"><\/div><\/div><div class=\"gt-col\"><div class=\"gt-inner\"><select name=\"category\" class=\"gt-select\" data-live-search=\"false\"><option value=\"\">Category<\/option><option value=\"44\">Koncert<\/option><option value=\"67\">Mad<\/option><\/select><\/div><\/div><div class=\"gt-col\"><div class=\"gt-inner\"><select name=\"location\" class=\"gt-select\" data-live-search=\"false\"><option value=\"\">Location<\/option><option value=\"140\">Aabenraa<\/option><\/select><\/div><\/div><div class=\"gt-col\"><div class=\"gt-inner\"><select name=\"status\" class=\"gt-select\" data-live-search=\"false\"><option value=\"\">Status<\/option><option value=\"upcoming\">Upcoming<\/option><option value=\"showing\">Showing<\/option><option value=\"expired\">Expired<\/option><\/select><\/div><\/div><div class=\"gt-col\"><div class=\"gt-inner\"><input type=\"text\" name=\"startdate\" autocomplete=\"off\" class=\"eventsearchdate-datepicker\" placeholder=\"Start Date\" value=\"\" \/><\/div><\/div><div class=\"gt-col\"><div class=\"gt-inner\"><select name=\"sort\" class=\"gt-select\" data-live-search=\"false\"><option value=\"\">Sort by<\/option><option value=\"start-date\">Start Date<\/option><option value=\"end-date\">End Date<\/option><option value=\"added-date\">Added Date<\/option><option value=\"name-az\">Name A &gt; Z<\/option><option value=\"name-za\">Name Z &gt; A<\/option><option value=\"price-l-h\">Price: Low to High<\/option><option value=\"price-h-l\">Price: High to Low<\/option><\/select><\/div><\/div><div class=\"gt-col\"><div class=\"gt-inner\"><button type=\"submit\" class=\"gt-submit\">Search<\/button><\/div><\/div><\/div><\/div><\/form><\/div><\/div><\/div><\/div><\/div><\/div><div class=\"vc_row-full-width vc_clearfix\"><\/div><div class=\"vc_row wpb_row vc_row-fluid gt-background-position-initial gt-background-attachment-initial gt-overflow-hidden gt-text-default\"><div class=\"wpb_column vc_column_container vc_col-sm-12\"><div class=\"vc_column-inner\"><div class=\"wpb_wrapper\"><div class=\"vc_empty_space\"   style=\"height: 120px\"><span class=\"vc_empty_space_inner\"><\/span><\/div><div class=\"gt-event-listing\"><div class=\"gt-columns gt-column-3 gt-column-space-30\"><div class=\"gt-col\"><div class=\"gt-inner\"><div class=\"gt-event-style-3\" data-event-id=\"3808\"><div class=\"gt-image\"><div class=\"gt-label gt-style-4 gt-position-top-left gt-label-3808\"><span>Gratis<\/span><\/div><a href=\"https:\/\/voresevent.dk\/index.php\/event\/eventyrlig-paaske\/\"><img loading=\"lazy\" decoding=\"async\" width=\"952\" height=\"579\" src=\"https:\/\/voresevent.dk\/wp-content\/uploads\/2024\/02\/Paaske-952x579.jpg\" class=\"attachment-eventchamp-event-list size-eventchamp-event-list wp-post-image\" alt=\"\" srcset=\"https:\/\/voresevent.dk\/wp-content\/uploads\/2024\/02\/Paaske-952x579.jpg 952w, https:\/\/voresevent.dk\/wp-content\/uploads\/2024\/02\/Paaske-18x12.jpg 18w, https:\/\/voresevent.dk\/wp-content\/uploads\/2024\/02\/Paaske-130x80.jpg 130w\" sizes=\"auto, (max-width: 952px) 100vw, 952px\" \/><\/a><\/div><div class=\"gt-content\"><div class=\"gt-title\"><a href=\"https:\/\/voresevent.dk\/index.php\/event\/eventyrlig-paaske\/\">Eventyrlig p\u00e5ske<\/a><\/div><div class=\"gt-details\"><div class=\"gt-date gt-start-date\"><svg xmlns=\"https:\/\/www.w3.org\/2000\/svg\" viewBox=\"0 0 24 24\" fill=\"none\" stroke=\"currentColor\" stroke-width=\"2\" stroke-linecap=\"round\" stroke-linejoin=\"round\"><rect x=\"3\" y=\"4\" width=\"18\" height=\"18\" rx=\"2\" ry=\"2\"><\/rect><line x1=\"16\" y1=\"2\" x2=\"16\" y2=\"6\"><\/line><line x1=\"8\" y1=\"2\" x2=\"8\" y2=\"6\"><\/line><line x1=\"3\" y1=\"10\" x2=\"21\" y2=\"10\"><\/line><\/svg><span>marts 25, 2024<\/span><\/div><\/div><div class=\"gt-text\">Masser af udsmykning, musik, p\u00e5ske- hare og kanin, vores fantastiske p\u00e5skefigur, \u00e6ggejagt, b\u00f8rnebillet og meget andet. Altid en k\u00e6mpe oplevelse i Aabenraa g\u00e5gade, og et bes\u00f8g v\u00e6rd.<\/div><div class=\"gt-details\"><div class=\"gt-status\"><svg fill=\"currentColor\" version=\"1.1\" xmlns=\"https:\/\/www.w3.org\/2000\/svg\" xmlns:xlink=\"https:\/\/www.w3.org\/1999\/xlink\" x=\"0px\" y=\"0px\" viewBox=\"0 0 512 512\" xml:space=\"preserve\"> <g transform=\"translate(1 1)\"> <g> <g> <path d=\"M447,468.333h-42.667v-82.325c0-35.684-17.822-68.993-47.505-88.755l-63.366-42.249l63.377-42.241 c0.658-0.44,1.294-0.906,1.941-1.359c0.359-0.25,0.72-0.498,1.075-0.753c0.564-0.406,1.122-0.818,1.677-1.234 c0.723-0.54,1.436-1.09,2.143-1.646c0.287-0.227,0.58-0.448,0.864-0.678c25.025-20.114,39.794-50.621,39.794-83.1V41.667H447 c11.782,0,21.333-9.551,21.333-21.333C468.333,8.551,458.782-1,447-1h-64H127H63C51.218-1,41.667,8.551,41.667,20.333 c0,11.782,9.551,21.333,21.333,21.333h42.667v82.325c0,32.472,14.762,62.973,39.785,83.093c0.278,0.225,0.564,0.441,0.845,0.663 c0.724,0.57,1.455,1.134,2.196,1.687c0.532,0.398,1.066,0.793,1.606,1.181c0.431,0.309,0.868,0.61,1.304,0.913 c0.583,0.406,1.153,0.827,1.745,1.222l63.393,42.252l-63.38,42.258c-29.671,19.754-47.493,53.063-47.493,88.747v82.325H63 c-11.782,0-21.333,9.551-21.333,21.333S51.218,511,63,511h64h256h64c11.782,0,21.333-9.551,21.333-21.333 S458.782,468.333,447,468.333z M338.079,173.622c-0.06,0.049-0.12,0.097-0.18,0.146c-0.56,0.456-1.135,0.895-1.712,1.331 c-0.423,0.318-0.848,0.633-1.28,0.942c-0.081,0.058-0.164,0.115-0.246,0.173c-0.488,0.345-0.98,0.686-1.479,1.018L255,229.36 l-78.171-52.12c-0.457-0.304-0.906-0.617-1.354-0.932c-0.143-0.101-0.287-0.2-0.429-0.301c-0.41-0.294-0.815-0.593-1.217-0.896 c-0.588-0.445-1.173-0.892-1.744-1.356c-0.07-0.056-0.138-0.113-0.207-0.17c-1.513-1.241-2.966-2.547-4.352-3.918h174.948 C341.074,171.051,339.608,172.37,338.079,173.622z M361.667,41.667v82.325c0,1.006-0.031,2.009-0.078,3.008H148.412 c-0.047-0.999-0.078-2.002-0.078-3.008V41.667H361.667z M148.333,468.333v-82.325c0-21.416,10.689-41.392,28.484-53.24 l62.684-41.794c3.887,4.114,9.382,6.692,15.499,6.692c6.118,0,11.612-2.578,15.499-6.692l62.672,41.786 c17.807,11.855,28.496,31.832,28.496,53.248v82.325H148.333z\"\/> <path d=\"M255,383c11.797,0,21.333-9.536,21.333-21.333v-21.333c0-11.797-9.536-21.333-21.333-21.333 c-11.797,0-21.333,9.536-21.333,21.333v21.333C233.667,373.464,243.203,383,255,383z\"\/> <path d=\"M255.213,404.333H255c-11.797,0-21.227,9.536-21.227,21.333S243.437,447,255.213,447 c11.776,0,21.333-9.536,21.333-21.333S266.989,404.333,255.213,404.333z\"\/> <\/g> <\/g> <\/g> <g> <\/g> <g> <\/g> <g> <\/g> <g> <\/g> <g> <\/g> <g> <\/g> <g> <\/g> <g> <\/g> <g> <\/g> <g> <\/g> <g> <\/g> <g> <\/g> <g> <\/g> <g> <\/g> <g> <\/g> <\/svg><div class=\"gt-event-status\">Expired<\/div><\/div><div class=\"gt-location\"><svg xmlns=\"https:\/\/www.w3.org\/2000\/svg\" viewBox=\"0 0 24 24\" fill=\"none\" stroke=\"currentColor\" stroke-width=\"2\" stroke-linecap=\"round\" stroke-linejoin=\"round\"><path d=\"M21 10c0 7-9 13-9 13s-9-6-9-13a9 9 0 0 1 18 0z\"><\/path><circle cx=\"12\" cy=\"10\" r=\"3\"><\/circle><\/svg><ul><li class=\"gt-category-140\"><a href=\"https:\/\/voresevent.dk\/index.php\/location\/aabenraa\/?post_type=event\">Aabenraa<\/a><\/li><\/ul><\/div><\/div><\/div><\/div><\/div><\/div><div class=\"gt-col\"><div class=\"gt-inner\"><div class=\"gt-event-style-3\" data-event-id=\"3811\"><div class=\"gt-image\"><div class=\"gt-label gt-style-4 gt-position-top-left gt-label-3811\"><span>Gratis<\/span><\/div><a href=\"https:\/\/voresevent.dk\/index.php\/event\/sing-about-it\/\"><img loading=\"lazy\" decoding=\"async\" width=\"952\" height=\"579\" src=\"https:\/\/voresevent.dk\/wp-content\/uploads\/2024\/02\/SingAboutIt-952x579.jpg\" class=\"attachment-eventchamp-event-list size-eventchamp-event-list wp-post-image\" alt=\"\" srcset=\"https:\/\/voresevent.dk\/wp-content\/uploads\/2024\/02\/SingAboutIt-952x579.jpg 952w, https:\/\/voresevent.dk\/wp-content\/uploads\/2024\/02\/SingAboutIt-18x12.jpg 18w, https:\/\/voresevent.dk\/wp-content\/uploads\/2024\/02\/SingAboutIt-130x80.jpg 130w\" sizes=\"auto, (max-width: 952px) 100vw, 952px\" \/><\/a><\/div><div class=\"gt-content\"><div class=\"gt-title\"><a href=\"https:\/\/voresevent.dk\/index.php\/event\/sing-about-it\/\">Sing about it<\/a><\/div><div class=\"gt-details\"><div class=\"gt-category\"><ul><li class=\"gt-category-44\"><a href=\"https:\/\/voresevent.dk\/index.php\/event-category\/koncert\/?post_type=event\">Koncert<\/a><\/li><\/ul><\/div><div class=\"gt-date gt-start-date\"><svg xmlns=\"https:\/\/www.w3.org\/2000\/svg\" viewBox=\"0 0 24 24\" fill=\"none\" stroke=\"currentColor\" stroke-width=\"2\" stroke-linecap=\"round\" stroke-linejoin=\"round\"><rect x=\"3\" y=\"4\" width=\"18\" height=\"18\" rx=\"2\" ry=\"2\"><\/rect><line x1=\"16\" y1=\"2\" x2=\"16\" y2=\"6\"><\/line><line x1=\"8\" y1=\"2\" x2=\"8\" y2=\"6\"><\/line><line x1=\"3\" y1=\"10\" x2=\"21\" y2=\"10\"><\/line><\/svg><span>marts 30, 2024<\/span><\/div><\/div><div class=\"gt-text\">P\u00e5skel\u00f8rdag har vi selvf\u00f8lgelig arrangeret livemusik til dig. Denne gang er det Sing About It som underholder rundt i g\u00e5gaden.<\/div><div class=\"gt-details\"><div class=\"gt-status\"><svg fill=\"currentColor\" version=\"1.1\" xmlns=\"https:\/\/www.w3.org\/2000\/svg\" xmlns:xlink=\"https:\/\/www.w3.org\/1999\/xlink\" x=\"0px\" y=\"0px\" viewBox=\"0 0 512 512\" xml:space=\"preserve\"> <g transform=\"translate(1 1)\"> <g> <g> <path d=\"M447,468.333h-42.667v-82.325c0-35.684-17.822-68.993-47.505-88.755l-63.366-42.249l63.377-42.241 c0.658-0.44,1.294-0.906,1.941-1.359c0.359-0.25,0.72-0.498,1.075-0.753c0.564-0.406,1.122-0.818,1.677-1.234 c0.723-0.54,1.436-1.09,2.143-1.646c0.287-0.227,0.58-0.448,0.864-0.678c25.025-20.114,39.794-50.621,39.794-83.1V41.667H447 c11.782,0,21.333-9.551,21.333-21.333C468.333,8.551,458.782-1,447-1h-64H127H63C51.218-1,41.667,8.551,41.667,20.333 c0,11.782,9.551,21.333,21.333,21.333h42.667v82.325c0,32.472,14.762,62.973,39.785,83.093c0.278,0.225,0.564,0.441,0.845,0.663 c0.724,0.57,1.455,1.134,2.196,1.687c0.532,0.398,1.066,0.793,1.606,1.181c0.431,0.309,0.868,0.61,1.304,0.913 c0.583,0.406,1.153,0.827,1.745,1.222l63.393,42.252l-63.38,42.258c-29.671,19.754-47.493,53.063-47.493,88.747v82.325H63 c-11.782,0-21.333,9.551-21.333,21.333S51.218,511,63,511h64h256h64c11.782,0,21.333-9.551,21.333-21.333 S458.782,468.333,447,468.333z M338.079,173.622c-0.06,0.049-0.12,0.097-0.18,0.146c-0.56,0.456-1.135,0.895-1.712,1.331 c-0.423,0.318-0.848,0.633-1.28,0.942c-0.081,0.058-0.164,0.115-0.246,0.173c-0.488,0.345-0.98,0.686-1.479,1.018L255,229.36 l-78.171-52.12c-0.457-0.304-0.906-0.617-1.354-0.932c-0.143-0.101-0.287-0.2-0.429-0.301c-0.41-0.294-0.815-0.593-1.217-0.896 c-0.588-0.445-1.173-0.892-1.744-1.356c-0.07-0.056-0.138-0.113-0.207-0.17c-1.513-1.241-2.966-2.547-4.352-3.918h174.948 C341.074,171.051,339.608,172.37,338.079,173.622z M361.667,41.667v82.325c0,1.006-0.031,2.009-0.078,3.008H148.412 c-0.047-0.999-0.078-2.002-0.078-3.008V41.667H361.667z M148.333,468.333v-82.325c0-21.416,10.689-41.392,28.484-53.24 l62.684-41.794c3.887,4.114,9.382,6.692,15.499,6.692c6.118,0,11.612-2.578,15.499-6.692l62.672,41.786 c17.807,11.855,28.496,31.832,28.496,53.248v82.325H148.333z\"\/> <path d=\"M255,383c11.797,0,21.333-9.536,21.333-21.333v-21.333c0-11.797-9.536-21.333-21.333-21.333 c-11.797,0-21.333,9.536-21.333,21.333v21.333C233.667,373.464,243.203,383,255,383z\"\/> <path d=\"M255.213,404.333H255c-11.797,0-21.227,9.536-21.227,21.333S243.437,447,255.213,447 c11.776,0,21.333-9.536,21.333-21.333S266.989,404.333,255.213,404.333z\"\/> <\/g> <\/g> <\/g> <g> <\/g> <g> <\/g> <g> <\/g> <g> <\/g> <g> <\/g> <g> <\/g> <g> <\/g> <g> <\/g> <g> <\/g> <g> <\/g> <g> <\/g> <g> <\/g> <g> <\/g> <g> <\/g> <g> <\/g> <\/svg><div class=\"gt-event-status\">Expired<\/div><\/div><div class=\"gt-location\"><svg xmlns=\"https:\/\/www.w3.org\/2000\/svg\" viewBox=\"0 0 24 24\" fill=\"none\" stroke=\"currentColor\" stroke-width=\"2\" stroke-linecap=\"round\" stroke-linejoin=\"round\"><path d=\"M21 10c0 7-9 13-9 13s-9-6-9-13a9 9 0 0 1 18 0z\"><\/path><circle cx=\"12\" cy=\"10\" r=\"3\"><\/circle><\/svg><ul><li class=\"gt-category-140\"><a href=\"https:\/\/voresevent.dk\/index.php\/location\/aabenraa\/?post_type=event\">Aabenraa<\/a><\/li><\/ul><\/div><\/div><\/div><\/div><\/div><\/div><div class=\"gt-col\"><div class=\"gt-inner\"><div class=\"gt-event-style-3\" data-event-id=\"3746\"><div class=\"gt-image\"><div class=\"gt-label gt-style-4 gt-position-top-left gt-label-3746\"><span>Billet<\/span><\/div><a href=\"https:\/\/voresevent.dk\/index.php\/event\/tour-de-vin\/\"><img loading=\"lazy\" decoding=\"async\" width=\"952\" height=\"579\" src=\"https:\/\/voresevent.dk\/wp-content\/uploads\/2024\/02\/TourdeVin-952x579.jpg\" class=\"attachment-eventchamp-event-list size-eventchamp-event-list wp-post-image\" alt=\"\" srcset=\"https:\/\/voresevent.dk\/wp-content\/uploads\/2024\/02\/TourdeVin-952x579.jpg 952w, https:\/\/voresevent.dk\/wp-content\/uploads\/2024\/02\/TourdeVin-130x80.jpg 130w\" sizes=\"auto, (max-width: 952px) 100vw, 952px\" \/><\/a><\/div><div class=\"gt-content\"><div class=\"gt-title\"><a href=\"https:\/\/voresevent.dk\/index.php\/event\/tour-de-vin\/\">Tour de vin<\/a><\/div><div class=\"gt-details\"><div class=\"gt-category\"><ul><li class=\"gt-category-67\"><a href=\"https:\/\/voresevent.dk\/index.php\/event-category\/mad\/?post_type=event\">Mad<\/a><\/li><\/ul><\/div><div class=\"gt-date gt-start-date\"><svg xmlns=\"https:\/\/www.w3.org\/2000\/svg\" viewBox=\"0 0 24 24\" fill=\"none\" stroke=\"currentColor\" stroke-width=\"2\" stroke-linecap=\"round\" stroke-linejoin=\"round\"><rect x=\"3\" y=\"4\" width=\"18\" height=\"18\" rx=\"2\" ry=\"2\"><\/rect><line x1=\"16\" y1=\"2\" x2=\"16\" y2=\"6\"><\/line><line x1=\"8\" y1=\"2\" x2=\"8\" y2=\"6\"><\/line><line x1=\"3\" y1=\"10\" x2=\"21\" y2=\"10\"><\/line><\/svg><span>april 13, 2024<\/span><\/div><\/div><div class=\"gt-text\">Vi gentager succes\u00b4en &#8211; K\u00f8b \u00e9n billet og smag p\u00e5 gode vine rundt omkring i g\u00e5gaden. I \u00e5r krydrer vi det med underholdende gademusik. Billetter s\u00e6ttes til salg i uge 6.<\/div><div class=\"gt-details\"><div class=\"gt-status\"><svg fill=\"currentColor\" version=\"1.1\" xmlns=\"https:\/\/www.w3.org\/2000\/svg\" xmlns:xlink=\"https:\/\/www.w3.org\/1999\/xlink\" x=\"0px\" y=\"0px\" viewBox=\"0 0 512 512\" xml:space=\"preserve\"> <g transform=\"translate(1 1)\"> <g> <g> <path d=\"M447,468.333h-42.667v-82.325c0-35.684-17.822-68.993-47.505-88.755l-63.366-42.249l63.377-42.241 c0.658-0.44,1.294-0.906,1.941-1.359c0.359-0.25,0.72-0.498,1.075-0.753c0.564-0.406,1.122-0.818,1.677-1.234 c0.723-0.54,1.436-1.09,2.143-1.646c0.287-0.227,0.58-0.448,0.864-0.678c25.025-20.114,39.794-50.621,39.794-83.1V41.667H447 c11.782,0,21.333-9.551,21.333-21.333C468.333,8.551,458.782-1,447-1h-64H127H63C51.218-1,41.667,8.551,41.667,20.333 c0,11.782,9.551,21.333,21.333,21.333h42.667v82.325c0,32.472,14.762,62.973,39.785,83.093c0.278,0.225,0.564,0.441,0.845,0.663 c0.724,0.57,1.455,1.134,2.196,1.687c0.532,0.398,1.066,0.793,1.606,1.181c0.431,0.309,0.868,0.61,1.304,0.913 c0.583,0.406,1.153,0.827,1.745,1.222l63.393,42.252l-63.38,42.258c-29.671,19.754-47.493,53.063-47.493,88.747v82.325H63 c-11.782,0-21.333,9.551-21.333,21.333S51.218,511,63,511h64h256h64c11.782,0,21.333-9.551,21.333-21.333 S458.782,468.333,447,468.333z M338.079,173.622c-0.06,0.049-0.12,0.097-0.18,0.146c-0.56,0.456-1.135,0.895-1.712,1.331 c-0.423,0.318-0.848,0.633-1.28,0.942c-0.081,0.058-0.164,0.115-0.246,0.173c-0.488,0.345-0.98,0.686-1.479,1.018L255,229.36 l-78.171-52.12c-0.457-0.304-0.906-0.617-1.354-0.932c-0.143-0.101-0.287-0.2-0.429-0.301c-0.41-0.294-0.815-0.593-1.217-0.896 c-0.588-0.445-1.173-0.892-1.744-1.356c-0.07-0.056-0.138-0.113-0.207-0.17c-1.513-1.241-2.966-2.547-4.352-3.918h174.948 C341.074,171.051,339.608,172.37,338.079,173.622z M361.667,41.667v82.325c0,1.006-0.031,2.009-0.078,3.008H148.412 c-0.047-0.999-0.078-2.002-0.078-3.008V41.667H361.667z M148.333,468.333v-82.325c0-21.416,10.689-41.392,28.484-53.24 l62.684-41.794c3.887,4.114,9.382,6.692,15.499,6.692c6.118,0,11.612-2.578,15.499-6.692l62.672,41.786 c17.807,11.855,28.496,31.832,28.496,53.248v82.325H148.333z\"\/> <path d=\"M255,383c11.797,0,21.333-9.536,21.333-21.333v-21.333c0-11.797-9.536-21.333-21.333-21.333 c-11.797,0-21.333,9.536-21.333,21.333v21.333C233.667,373.464,243.203,383,255,383z\"\/> <path d=\"M255.213,404.333H255c-11.797,0-21.227,9.536-21.227,21.333S243.437,447,255.213,447 c11.776,0,21.333-9.536,21.333-21.333S266.989,404.333,255.213,404.333z\"\/> <\/g> <\/g> <\/g> <g> <\/g> <g> <\/g> <g> <\/g> <g> <\/g> <g> <\/g> <g> <\/g> <g> <\/g> <g> <\/g> <g> <\/g> <g> <\/g> <g> <\/g> <g> <\/g> <g> <\/g> <g> <\/g> <g> <\/g> <\/svg><div class=\"gt-event-status\">Expired<\/div><\/div><div class=\"gt-location\"><svg xmlns=\"https:\/\/www.w3.org\/2000\/svg\" viewBox=\"0 0 24 24\" fill=\"none\" stroke=\"currentColor\" stroke-width=\"2\" stroke-linecap=\"round\" stroke-linejoin=\"round\"><path d=\"M21 10c0 7-9 13-9 13s-9-6-9-13a9 9 0 0 1 18 0z\"><\/path><circle cx=\"12\" cy=\"10\" r=\"3\"><\/circle><\/svg><ul><li class=\"gt-category-140\"><a href=\"https:\/\/voresevent.dk\/index.php\/location\/aabenraa\/?post_type=event\">Aabenraa<\/a><\/li><\/ul><\/div><\/div><\/div><\/div><\/div><\/div><\/div><\/div><\/div><\/div><\/div><\/div>\n<\/div>","protected":false},"excerpt":{"rendered":"Vi gentager succes\u00b4en - K\u00f8b \u00e9n billet og smag p\u00e5 gode vine rundt omkring i g\u00e5gaden. I \u00e5r krydrer vi det med underholdende gademusik. Billetter s\u00e6ttes til salg i uge 6.","protected":false},"author":1,"featured_media":0,"parent":0,"menu_order":0,"comment_status":"closed","ping_status":"closed","template":"","meta":{"footnotes":""},"class_list":["post-1000","page","type-page","status-publish","hentry"],"_links":{"self":[{"href":"https:\/\/voresevent.dk\/index.php\/wp-json\/wp\/v2\/pages\/1000","targetHints":{"allow":["GET"]}}],"collection":[{"href":"https:\/\/voresevent.dk\/index.php\/wp-json\/wp\/v2\/pages"}],"about":[{"href":"https:\/\/voresevent.dk\/index.php\/wp-json\/wp\/v2\/types\/page"}],"author":[{"embeddable":true,"href":"https:\/\/voresevent.dk\/index.php\/wp-json\/wp\/v2\/users\/1"}],"replies":[{"embeddable":true,"href":"https:\/\/voresevent.dk\/index.php\/wp-json\/wp\/v2\/comments?post=1000"}],"version-history":[{"count":2,"href":"https:\/\/voresevent.dk\/index.php\/wp-json\/wp\/v2\/pages\/1000\/revisions"}],"predecessor-version":[{"id":3833,"href":"https:\/\/voresevent.dk\/index.php\/wp-json\/wp\/v2\/pages\/1000\/revisions\/3833"}],"wp:attachment":[{"href":"https:\/\/voresevent.dk\/index.php\/wp-json\/wp\/v2\/media?parent=1000"}],"curies":[{"name":"wp","href":"https:\/\/api.w.org\/{rel}","templated":true}]}}